{"id":58600,"date":"2017-05-15T11:53:55","date_gmt":"2017-05-15T09:53:55","guid":{"rendered":"https:\/\/undsgn.com\/uncode\/?page_id=58600"},"modified":"2023-04-19T22:11:52","modified_gmt":"2023-04-19T20:11:52","slug":"classic-photographer","status":"publish","type":"page","link":"https:\/\/www.optical-limits.de\/","title":{"rendered":"Classic Photographer"},"content":{"rendered":"<div class=\"wpb-content-wrapper\"><p>[vc_row row_height_percent=&#8220;0&#8243; override_padding=&#8220;yes&#8220; h_padding=&#8220;2&#8243; top_padding=&#8220;3&#8243; bottom_padding=&#8220;3&#8243; back_color=&#8220;color-lxmt&#8220; overlay_alpha=&#8220;50&#8243; gutter_size=&#8220;3&#8243; column_width_percent=&#8220;100&#8243; shift_y=&#8220;0&#8243; z_index=&#8220;0&#8243;][vc_column column_width_use_pixel=&#8220;yes&#8220; align_horizontal=&#8220;align_center&#8220; gutter_size=&#8220;1&#8243; font_family=&#8220;font-202503&#8243; overlay_alpha=&#8220;50&#8243; shift_x=&#8220;0&#8243; shift_y=&#8220;0&#8243; shift_y_down=&#8220;0&#8243; z_index=&#8220;0&#8243; medium_width=&#8220;0&#8243; mobile_width=&#8220;0&#8243; width=&#8220;1\/1&#8243; column_width_pixel=&#8220;600&#8243;][vc_custom_heading text_font=&#8220;font-202503&#8243; text_weight=&#8220;400&#8243; text_height=&#8220;fontheight-357766&#8243; text_space=&#8220;fontspace-781688&#8243;]Ihr Fotograf aus Berlin[\/vc_custom_heading][vc_custom_heading heading_semantic=&#8220;p&#8220; text_font=&#8220;font-202503&#8243; text_size=&#8220;h1&#8243; text_weight=&#8220;400&#8243; text_height=&#8220;fontheight-357766&#8243; text_space=&#8220;fontspace-781688&#8243;]\u3030[\/vc_custom_heading][vc_empty_space empty_h=&#8220;4&#8243;][\/vc_column][\/vc_row][vc_row unlock_row_content=&#8220;yes&#8220; row_height_percent=&#8220;0&#8243; override_padding=&#8220;yes&#8220; h_padding=&#8220;0&#8243; top_padding=&#8220;0&#8243; bottom_padding=&#8220;2&#8243; overlay_alpha=&#8220;90&#8243; gutter_size=&#8220;3&#8243; column_width_percent=&#8220;100&#8243; shift_y=&#8220;0&#8243; z_index=&#8220;2&#8243;][vc_column column_width_percent=&#8220;92&#8243; align_horizontal=&#8220;align_center&#8220; gutter_size=&#8220;4&#8243; back_color=&#8220;color-xsdn&#8220; overlay_alpha=&#8220;50&#8243; shift_x=&#8220;0&#8243; shift_y=&#8220;-5&#8243; shift_y_fixed=&#8220;yes&#8220; shift_y_down=&#8220;0&#8243; z_index=&#8220;0&#8243; medium_width=&#8220;0&#8243; mobile_width=&#8220;0&#8243; width=&#8220;1\/1&#8243;][vc_row_inner][vc_column_inner width=&#8220;1\/2&#8243;][vc_column_text]<\/p>\n<p style=\"text-align: left;\">Ich bin extremer Tierliebhaber und nat\u00fcrlich liebe ich auch die Fotografie. Wenn ich kein Hobbyfotograf w\u00e4re, w\u00e4re ich es gerne Hauptberuflich, nur leider bin ich jenseits des Internets weit davon entfernt. In meinem n\u00e4chsten Leben k\u00f6nnte ich mir eine Karriere als Profifotograf vorstellen mit Touren durch die USA, Island oder Neuseeland. Seit \u00fcber einem Jahrzehnt sind Arbeiten mit weiblichen Models nun ein zentraler Bestandteil meines Lebens und ich k\u00f6nnte nicht dankbarer \u00fcber die vielen tollen Frauen sein, die ich bisher bereits begleiten durfte.<\/p>\n<p>[\/vc_column_text][\/vc_column_inner][vc_column_inner width=&#8220;1\/2&#8243;][vc_column_text]Ich wei\u00df, wie wichtig die Sympathie zwischen einen Fotografen und euch ist, daher nehmt euch Zeit, mich und meine Arbeit kennenzulernen. Euer Fotograf sollte euch mit seinen Bildern aus den Socken hauen und auf jeder Ebene zu euch passen. Nichts anderes habt ihr mit euren W\u00fcnschen verdient. Also schnappt euch einen Kaffee oder Tee (den trinke ich \u00fcrigens auch gerne), schaut euch in Ruhe um und meldet euch super gerne, wenn euch gef\u00e4llt, was ihr hier seht&#8230;[\/vc_column_text][\/vc_column_inner][\/vc_row_inner][vc_button button_color=&#8220;color-nhtu&#8220; border_animation=&#8220;btn-ripple-out&#8220; hover_fx=&#8220;full-colored&#8220; border_width=&#8220;0&#8243; link=&#8220;url:https%3A%2F%2Fwww.optical-limits.de%2Findex.php%2Fpages%2Fcontact-wide%2F|title:Contact%20Wide||&#8220;]Ich freue mich auf eure Nachrichten[\/vc_button][\/vc_column][\/vc_row][vc_row unlock_row_content=&#8220;yes&#8220; row_height_percent=&#8220;55&#8243; override_padding=&#8220;yes&#8220; h_padding=&#8220;4&#8243; top_padding=&#8220;3&#8243; bottom_padding=&#8220;3&#8243; back_color=&#8220;color-wayh&#8220; back_image=&#8220;10&#8243; back_position=&#8220;center top&#8220; parallax=&#8220;yes&#8220; kburns=&#8220;yes&#8220; overlay_color=&#8220;color-wayh&#8220; overlay_alpha=&#8220;50&#8243; gutter_size=&#8220;100&#8243; column_width_percent=&#8220;100&#8243; shift_y=&#8220;0&#8243; z_index=&#8220;0&#8243; style=&#8220;inherited&#8220;][vc_column column_width_use_pixel=&#8220;yes&#8220; position_vertical=&#8220;middle&#8220; align_horizontal=&#8220;align_center&#8220; gutter_size=&#8220;3&#8243; style=&#8220;dark&#8220; overlay_alpha=&#8220;50&#8243; shift_x=&#8220;0&#8243; shift_y=&#8220;0&#8243; shift_y_down=&#8220;0&#8243; z_index=&#8220;0&#8243; medium_width=&#8220;0&#8243; mobile_width=&#8220;0&#8243; zoom_width=&#8220;0&#8243; zoom_height=&#8220;0&#8243; width=&#8220;1\/1&#8243; column_width_pixel=&#8220;1400&#8243;][vc_row_inner row_inner_height_percent=&#8220;0&#8243; overlay_alpha=&#8220;50&#8243; gutter_size=&#8220;4&#8243; shift_y=&#8220;0&#8243;][vc_column_inner column_width_percent=&#8220;100&#8243; align_horizontal=&#8220;align_center&#8220; gutter_size=&#8220;2&#8243; style=&#8220;dark&#8220; overlay_alpha=&#8220;50&#8243; shift_x=&#8220;0&#8243; shift_y=&#8220;0&#8243; z_index=&#8220;0&#8243; medium_width=&#8220;0&#8243; mobile_width=&#8220;0&#8243; css_animation=&#8220;zoom-out&#8220; animation_delay=&#8220;200&#8243; width=&#8220;1\/3&#8243;][vc_icon icon=&#8220;fa fa-camera2&#8243; size=&#8220;fa-3x&#8220;][\/vc_icon][vc_custom_heading text_font=&#8220;font-202503&#8243; text_weight=&#8220;400&#8243; text_height=&#8220;fontheight-357766&#8243; text_space=&#8220;fontspace-781688&#8243;]Fotografie[\/vc_custom_heading][vc_separator sep_color=&#8220;,Default&#8220;][vc_custom_heading heading_semantic=&#8220;p&#8220; text_font=&#8220;font-202503&#8243; text_size=&#8220;h4&#8243; text_weight=&#8220;200&#8243; text_height=&#8220;fontheight-524109&#8243;]Konzeption und k\u00fcnstlerische Leitung<br \/>\nMakeup Artist und Hairstylist<br \/>\nRetusche von Fotos[\/vc_custom_heading][\/vc_column_inner][vc_column_inner column_width_percent=&#8220;100&#8243; align_horizontal=&#8220;align_center&#8220; gutter_size=&#8220;2&#8243; style=&#8220;dark&#8220; overlay_alpha=&#8220;50&#8243; shift_x=&#8220;0&#8243; shift_y=&#8220;0&#8243; z_index=&#8220;0&#8243; medium_width=&#8220;0&#8243; mobile_width=&#8220;0&#8243; css_animation=&#8220;zoom-out&#8220; animation_delay=&#8220;400&#8243; width=&#8220;1\/3&#8243;][vc_icon icon=&#8220;fa fa-video3&#8243; size=&#8220;fa-3x&#8220;][\/vc_icon][vc_custom_heading text_font=&#8220;font-202503&#8243; text_weight=&#8220;400&#8243; text_height=&#8220;fontheight-357766&#8243; text_space=&#8220;fontspace-781688&#8243;]Videos[\/vc_custom_heading][vc_separator sep_color=&#8220;,Default&#8220;][vc_custom_heading heading_semantic=&#8220;p&#8220; text_font=&#8220;font-202503&#8243; text_size=&#8220;h4&#8243; text_weight=&#8220;200&#8243; text_height=&#8220;fontheight-524109&#8243;]Video Ausr\u00fcstung<br \/>\nNach Produktion<br \/>\nFilmen und bearbeiten[\/vc_custom_heading][\/vc_column_inner][vc_column_inner column_width_percent=&#8220;100&#8243; align_horizontal=&#8220;align_center&#8220; gutter_size=&#8220;2&#8243; style=&#8220;dark&#8220; overlay_alpha=&#8220;50&#8243; shift_x=&#8220;0&#8243; shift_y=&#8220;0&#8243; z_index=&#8220;0&#8243; medium_width=&#8220;0&#8243; mobile_width=&#8220;0&#8243; css_animation=&#8220;zoom-out&#8220; animation_delay=&#8220;600&#8243; width=&#8220;1\/3&#8243;][vc_icon icon=&#8220;fa fa-gift2&#8243; size=&#8220;fa-3x&#8220;][\/vc_icon][vc_custom_heading text_font=&#8220;font-202503&#8243; text_weight=&#8220;400&#8243; text_height=&#8220;fontheight-357766&#8243; text_space=&#8220;fontspace-781688&#8243;]Fotobuch[\/vc_custom_heading][vc_separator sep_color=&#8220;,Default&#8220;][vc_custom_heading heading_semantic=&#8220;p&#8220; text_font=&#8220;font-202503&#8243; text_size=&#8220;h4&#8243; text_weight=&#8220;200&#8243; text_height=&#8220;fontheight-524109&#8243;]Hardcover B\u00fccher Design<br \/>\nArchivqualit\u00e4t<br \/>\nPapieroptionen[\/vc_custom_heading][\/vc_column_inner][\/vc_row_inner][\/vc_column][\/vc_row][vc_row row_height_percent=&#8220;0&#8243; override_padding=&#8220;yes&#8220; h_padding=&#8220;2&#8243; top_padding=&#8220;3&#8243; bottom_padding=&#8220;3&#8243; back_color=&#8220;color-lxmt&#8220; overlay_alpha=&#8220;50&#8243; gutter_size=&#8220;3&#8243; column_width_percent=&#8220;100&#8243; shift_y=&#8220;0&#8243; z_index=&#8220;0&#8243;][vc_column column_width_use_pixel=&#8220;yes&#8220; align_horizontal=&#8220;align_center&#8220; gutter_size=&#8220;1&#8243; font_family=&#8220;font-202503&#8243; overlay_alpha=&#8220;50&#8243; shift_x=&#8220;0&#8243; shift_y=&#8220;0&#8243; shift_y_down=&#8220;0&#8243; z_index=&#8220;0&#8243; medium_width=&#8220;0&#8243; mobile_width=&#8220;0&#8243; width=&#8220;1\/1&#8243; column_width_pixel=&#8220;600&#8243;][vc_custom_heading text_font=&#8220;font-202503&#8243; text_weight=&#8220;400&#8243; text_height=&#8220;fontheight-357766&#8243; text_space=&#8220;fontspace-781688&#8243;]Neuigkeiten aus meinen Blog[\/vc_custom_heading][vc_custom_heading heading_semantic=&#8220;p&#8220; text_font=&#8220;font-202503&#8243; text_size=&#8220;h1&#8243; text_weight=&#8220;400&#8243; text_height=&#8220;fontheight-357766&#8243; text_space=&#8220;fontspace-781688&#8243;]\u3030[\/vc_custom_heading][vc_empty_space empty_h=&#8220;4&#8243;][\/vc_column][\/vc_row][vc_row row_height_percent=&#8220;0&#8243; override_padding=&#8220;yes&#8220; h_padding=&#8220;0&#8243; top_padding=&#8220;0&#8243; bottom_padding=&#8220;4&#8243; overlay_alpha=&#8220;90&#8243; gutter_size=&#8220;3&#8243; column_width_percent=&#8220;100&#8243; shift_y=&#8220;0&#8243; z_index=&#8220;2&#8243;][vc_column column_width_use_pixel=&#8220;yes&#8220; gutter_size=&#8220;3&#8243; override_padding=&#8220;yes&#8220; column_padding=&#8220;2&#8243; font_family=&#8220;font-202503&#8243; back_color=&#8220;color-xsdn&#8220; overlay_alpha=&#8220;50&#8243; shift_x=&#8220;0&#8243; shift_y=&#8220;-5&#8243; shift_y_fixed=&#8220;yes&#8220; shift_y_down=&#8220;0&#8243; z_index=&#8220;0&#8243; medium_width=&#8220;0&#8243; mobile_width=&#8220;0&#8243; width=&#8220;1\/1&#8243; column_width_pixel=&#8220;1400&#8243;][uncode_index el_id=&#8220;index-3533875&#8243; index_type=&#8220;carousel&#8220; loop=&#8220;size:9|order_by:date|post_type:post&#8220; carousel_lg=&#8220;3&#8243; carousel_md=&#8220;3&#8243; carousel_sm=&#8220;1&#8243; thumb_size=&#8220;one-one&#8220; gutter_size=&#8220;2&#8243; post_items=&#8220;media|featured|onpost|original,title,text|excerpt|120,sep-one|full,date&#8220; portfolio_items=&#8220;media|featured|onpost|original,title,text|excerpt|80,sep-one|full,date&#8220; carousel_interval=&#8220;0&#8243; carousel_navspeed=&#8220;400&#8243; carousel_dots=&#8220;yes&#8220; carousel_dots_mobile=&#8220;yes&#8220; stage_padding=&#8220;0&#8243; single_overlay_color=&#8220;color-wayh&#8220; single_overlay_opacity=&#8220;50&#8243; single_overlay_anim=&#8220;no&#8220; single_text_visible=&#8220;yes&#8220; single_image_anim=&#8220;no&#8220; single_h_align=&#8220;center&#8220; single_padding=&#8220;2&#8243; single_title_family=&#8220;font-202503&#8243; single_title_dimension=&#8220;h4&#8243; single_title_weight=&#8220;400&#8243; single_title_space=&#8220;fontspace-781688&#8243; single_border=&#8220;yes&#8220; items=&#8220;eyIyMDUyOF9pIjp7InNpbmdsZV9sYXlvdXRfcG9zdF9pdGVtcyI6Im1lZGlhfGZlYXR1cmVkfG9ucG9zdHxvcmlnaW5hbCx0aXRsZSxzZXAtb25lfGZ1bGwsZGF0ZSx0ZXh0fGV4Y2VycHQifSwiODAxMDlfaSI6eyJzaW5nbGVfbGF5b3V0X3Bvc3RfaXRlbXMiOiJtZWRpYXxmZWF0dXJlZHxvbnBvc3R8b3JpZ2luYWwsdGl0bGUsc2VwLW9uZXxmdWxsLGRhdGUsdGV4dHxleGNlcnB0LG1lZGlhfGZlYXR1cmVkfG9ucG9zdHxvcmlnaW5hbCx0aXRsZSxzZXAtb25lfGZ1bGwsZGF0ZSx0ZXh0fGV4Y2VycHQifSwiODAyMzhfaSI6eyJzaW5nbGVfbGF5b3V0X3Bvc3RfaXRlbXMiOiJtZWRpYXxmZWF0dXJlZHxvbnBvc3R8b3JpZ2luYWwsdGl0bGUsc2VwLW9uZXxmdWxsLGRhdGUsdGV4dHxleGNlcnB0In19&#8243; order_ids=&#8220;80238,80109,20528&#8243;][vc_column_text uncode_shortcode_id=&#8220;109900&#8243;]<script src=\"https:\/\/static.elfsight.com\/platform\/platform.js\" data-use-service-core defer><\/script><\/p>\n<div class=\"elfsight-app-16edf98f-9e7d-459b-bfbd-69041bcc5c6f\"><\/div>\n<p>[\/vc_column_text][\/vc_column][\/vc_row]<\/p>\n<\/div>","protected":false},"excerpt":{"rendered":"<p>[vc_row row_height_percent=&#8220;0&#8243; override_padding=&#8220;yes&#8220; h_padding=&#8220;2&#8243; top_padding=&#8220;3&#8243; bottom_padding=&#8220;3&#8243; back_color=&#8220;color-lxmt&#8220; overlay_alpha=&#8220;50&#8243; gutter_size=&#8220;3&#8243; column_width_percent=&#8220;100&#8243; shift_y=&#8220;0&#8243; z_index=&#8220;0&#8243;][vc_column column_width_use_pixel=&#8220;yes&#8220; align_horizontal=&#8220;align_center&#8220; gutter_size=&#8220;1&#8243; font_family=&#8220;font-202503&#8243; overlay_alpha=&#8220;50&#8243; shift_x=&#8220;0&#8243; shift_y=&#8220;0&#8243; shift_y_down=&#8220;0&#8243; [&hellip;]<\/p>\n","protected":false},"author":3,"featured_media":78592,"parent":43938,"menu_order":0,"comment_status":"closed","ping_status":"closed","template":"","meta":{"footnotes":""},"class_list":["post-58600","page","type-page","status-publish","has-post-thumbnail","hentry","page_category-classic"],"jetpack_sharing_enabled":true,"_links":{"self":[{"href":"https:\/\/www.optical-limits.de\/index.php\/wp-json\/wp\/v2\/pages\/58600","targetHints":{"allow":["GET"]}}],"collection":[{"href":"https:\/\/www.optical-limits.de\/index.php\/wp-json\/wp\/v2\/pages"}],"about":[{"href":"https:\/\/www.optical-limits.de\/index.php\/wp-json\/wp\/v2\/types\/page"}],"author":[{"embeddable":true,"href":"https:\/\/www.optical-limits.de\/index.php\/wp-json\/wp\/v2\/users\/3"}],"replies":[{"embeddable":true,"href":"https:\/\/www.optical-limits.de\/index.php\/wp-json\/wp\/v2\/comments?post=58600"}],"version-history":[{"count":36,"href":"https:\/\/www.optical-limits.de\/index.php\/wp-json\/wp\/v2\/pages\/58600\/revisions"}],"predecessor-version":[{"id":86899,"href":"https:\/\/www.optical-limits.de\/index.php\/wp-json\/wp\/v2\/pages\/58600\/revisions\/86899"}],"up":[{"embeddable":true,"href":"https:\/\/www.optical-limits.de\/index.php\/wp-json\/wp\/v2\/pages\/43938"}],"wp:featuredmedia":[{"embeddable":true,"href":"https:\/\/www.optical-limits.de\/index.php\/wp-json\/wp\/v2\/media\/78592"}],"wp:attachment":[{"href":"https:\/\/www.optical-limits.de\/index.php\/wp-json\/wp\/v2\/media?parent=58600"}],"curies":[{"name":"wp","href":"https:\/\/api.w.org\/{rel}","templated":true}]}}